{"id":22,"date":"2017-11-17T15:19:40","date_gmt":"2017-11-17T15:19:40","guid":{"rendered":"http:\/\/wp.magnium-themes.com\/enside\/enside-4\/?page_id=22"},"modified":"2023-08-19T19:33:16","modified_gmt":"2023-08-19T19:33:16","slug":"homepage","status":"publish","type":"page","link":"https:\/\/celmar-media.com\/hammersmith\/","title":{"rendered":"Po\u010detak"},"content":{"rendered":"<section class=\"wpb-content-wrapper\"><p>[vc_row css=&#8221;.vc_custom_1686957499485{margin-bottom: 0px !important;padding-bottom: 0px !important;}&#8221;] [vc_column] [rev_slider_vc alias=&#8221;enside-4&#8243;] [\/vc_column] [\/vc_row] [vc_row disable_element=&#8221;yes&#8221; row_onepage_id=&#8221;#about&#8221; css=&#8221;.vc_custom_1684857306755{padding-top: 140px !important;padding-bottom: 20px !important;}&#8221;] [vc_column width=&#8221;1\/2&#8243; offset=&#8221;vc_col-lg-3 vc_col-md-3&#8243;] <div class=\"mgt-icon-box wpb_content_element wpb_animate_when_almost_visible wpb_fadeInDown fadeInDown mgt-icon-box-centrado mgt-icon-box-icon-size-extralarge mgt-icon-box-31499614 mgt-icon-box-31499614 mgt-icon-font text-black  vc_custom_1519133858953\"><div class=\"mgt-icon-box-icon hvr-icon-up\"><i class=\"mgt-font-icon pe-7s-browser\"><\/i><\/div><div class=\"mgt-icon-box-content\"><h5 class=\"text-font-weight-normal\">Orientado a resultados<\/h5><div class=\"mgt-icon-box-text\">\n<p style=\"text-align: center\"><span style=\"color: #999999\">Con nuestra poderosa red de personalidades dedicadas a la inspiraci\u00f3n y la creatividad.<\/span><\/p>\n<\/div><\/div><div class=\"clearfix\"><\/div><\/div><style scoped='scoped'>.mgt-icon-box-31499614.mgt-icon-box .mgt-icon-box-icon {color: #6d83ff!important;}.mgt-icon-box-31499614.mgt-icon-box h5 {font-size: 22px!important;}<\/style> [vc_separator color=&#8221;custom&#8221; el_width=&#8221;50&#8243; accent_color=&#8221;#e5e5e5&#8243;] [\/vc_column] [vc_column width=&#8221;1\/2&#8243; offset=&#8221;vc_col-lg-3 vc_col-md-3&#8243;] <div class=\"mgt-icon-box wpb_content_element wpb_animate_when_almost_visible wpb_fadeInDown fadeInDown mgt-icon-box-cented mgt-icon-box-icon-size-extralarge mgt-icon-box-9926087 mgt-icon-box-9926087 mgt-icon-font text-black  vc_custom_1519133869111\"><div class=\"mgt-icon-box-icon hvr-icon-up\"><i class=\"mgt-font-icon pe-7s-user-female\"><\/i><\/div><div class=\"mgt-icon-box-content\"><h5 class=\"text-font-weight-normal\">Visual Composer<\/h5><div class=\"mgt-icon-box-text\">\n<p style=\"text-align: center\"><span style=\"color: #999999\">Trabajamos con buenas personas que comparten la creencia de que el dise\u00f1o marca la diferencia.<\/span><\/p>\n<\/div><\/div><div class=\"clearfix\"><\/div><\/div><style scoped='scoped'>.mgt-icon-box-9926087.mgt-icon-box .mgt-icon-box-icon {color: #6d83ff!important;}.mgt-icon-box-9926087.mgt-icon-box h5 {font-size: 22px!important;}<\/style> [vc_separator color=&#8221;custom&#8221; el_width=&#8221;50&#8243; accent_color=&#8221;#e5e5e5&#8243;] [\/vc_column] [vc_column width=&#8221;1\/2&#8243; offset=&#8221;vc_col-lg-3 vc_col-md-3&#8243;] <div class=\"mgt-icon-box wpb_content_element wpb_animate_when_almost_visible wpb_fadeInDown fadeInDown mgt-icon-box-centrado mgt-icon-box-icon-size-extralarge mgt-icon-box-11141324 mgt-icon-box-11141324 mgt-icon-font text-black  vc_custom_1519133880516\"><div class=\"mgt-icon-box-icon hvr-icon-up\"><i class=\"mgt-font-icon pe-7s-vector\"><\/i><\/div><div class=\"mgt-icon-box-content\"><h5 class=\"text-font-weight-normal\">Soporte gratuito<\/h5><div class=\"mgt-icon-box-text\">\n<p style=\"text-align: center\"><span style=\"color: #999999\">We\u2019re honest folk that believe in hard work and building lasting relationships.\u00a0<\/span><\/p>\n<\/div><\/div><div class=\"clearfix\"><\/div><\/div><style scoped='scoped'>.mgt-icon-box-11141324.mgt-icon-box .mgt-icon-box-icon {color: #6d83ff!important;}.mgt-icon-box-11141324.mgt-icon-box h5 {font-size: 22px!important;}<\/style>[vc_separator color=&#8221;custom&#8221; el_width=&#8221;50&#8243; accent_color=&#8221;#e5e5e5&#8243;][\/vc_column][vc_column width=&#8221;1\/2&#8243; css=&#8221;.vc_custom_1519212967144{margin-right: 10% !important;}&#8221; offset=&#8221;vc_col-lg-3 vc_col-md-3&#8243;]<div class=\"mgt-icon-box wpb_content_element wpb_animate_when_almost_visible wpb_fadeInDown fadeInDown mgt-icon-box-centered mgt-icon-box-icon-size-extralarge mgt-icon-box-47410143 mgt-icon-box-47410143 mgt-icon-font text-black  vc_custom_1519133889182\"><div class=\"mgt-icon-box-icon hvr-icon-up\"><i class=\"mgt-font-icon pe-7s-note2\"><\/i><\/div><div class=\"mgt-icon-box-content\"><h5 class=\"text-font-weight-normal\">SEO Friendly<\/h5><div class=\"mgt-icon-box-text\">\n<p style=\"text-align: center\"><span style=\"color: #999999\">Our energy and expertise are focus in inspiring projects and influence strategies.\u00a0<\/span><\/p>\n<\/div><\/div><div class=\"clearfix\"><\/div><\/div><style scoped='scoped'>.mgt-icon-box-47410143.mgt-icon-box .mgt-icon-box-icon {color: #6d83ff!important;}.mgt-icon-box-47410143.mgt-icon-box h5 {font-size: 22px!important;}<\/style>[vc_separator color=&#8221;custom&#8221; el_width=&#8221;50&#8243; accent_color=&#8221;#e5e5e5&#8243;][\/vc_column][\/vc_row][vc_row disable_element=&#8221;yes&#8221; css=&#8221;.vc_custom_1684857319068{padding-bottom: 90px !important;}&#8221;][vc_column width=&#8221;1\/4&#8243; offset=&#8221;vc_hidden-lg vc_hidden-md vc_hidden-sm vc_hidden-xs&#8221;][vc_custom_heading text=&#8221;01&#8243; font_container=&#8221;tag:p|font_size:180px|text_align:center|color:%23f7f7f7&#8243; google_fonts=&#8221;font_family:Roboto%3A100%2C100italic%2C300%2C300italic%2Cregular%2Citalic%2C500%2C500italic%2C700%2C700italic%2C900%2C900italic|font_style:300%20light%20regular%3A300%3Anormal&#8221;][\/vc_column][vc_column width=&#8221;1\/4&#8243; offset=&#8221;vc_hidden-sm vc_hidden-xs&#8221;][vc_custom_heading text=&#8221;02&#8243; font_container=&#8221;tag:p|font_size:180px|text_align:center|color:%23f7f7f7&#8243; google_fonts=&#8221;font_family:Roboto%3A100%2C100italic%2C300%2C300italic%2Cregular%2Citalic%2C500%2C500italic%2C700%2C700italic%2C900%2C900italic|font_style:300%20light%20regular%3A300%3Anormal&#8221;][\/vc_column][vc_column width=&#8221;1\/4&#8243; offset=&#8221;vc_hidden-sm vc_hidden-xs&#8221;][vc_custom_heading text=&#8221;03&#8243; font_container=&#8221;tag:p|font_size:180px|text_align:center|color:%23f7f7f7&#8243; google_fonts=&#8221;font_family:Roboto%3A100%2C100italic%2C300%2C300italic%2Cregular%2Citalic%2C500%2C500italic%2C700%2C700italic%2C900%2C900italic|font_style:300%20light%20regular%3A300%3Anormal&#8221;][\/vc_column][vc_column width=&#8221;1\/4&#8243; css=&#8221;.vc_custom_1519212538263{margin-right: 10% !important;}&#8221; offset=&#8221;vc_hidden-sm vc_hidden-xs&#8221;][vc_custom_heading text=&#8221;04&#8243; font_container=&#8221;tag:p|font_size:180px|text_align:center|color:%23f7f7f7&#8243; google_fonts=&#8221;font_family:Roboto%3A100%2C100italic%2C300%2C300italic%2Cregular%2Citalic%2C500%2C500italic%2C700%2C700italic%2C900%2C900italic|font_style:300%20light%20regular%3A300%3Anormal&#8221;][\/vc_column][\/vc_row][vc_row full_width=&#8221;stretch_row&#8221; equal_height=&#8221;yes&#8221; row_onepage_id=&#8221;#karakteristike&#8221; css=&#8221;.vc_custom_1690233700313{margin-top: 0px !important;padding-top: 60px !important;padding-bottom: 60px !important;background-position: center !important;background-repeat: no-repeat !important;background-size: contain !important;}&#8221;][vc_column width=&#8221;1\/2&#8243; css=&#8221;.vc_custom_1690233713795{padding-top: 80px !important;}&#8221;]<div class=\"mgt-header-block clearfix text-left text-custom wpb_content_element  mgt-header-block-style-2 mgt-header-block-fontsize-medium mgt-header-texttransform-subheader mgt-header-block-59260522  vc_custom_1686956469676\"><p class=\"mgt-header-block-subtitle\">Hammersmith Bionic Burner<\/p><h2 class=\"mgt-header-block-title text-font-weight-default\">Elektri\u010dni plamenik za uklanjanje korova<\/h2><\/div><style scoped='scoped'>.mgt-header-block-59260522.mgt-header-block .mgt-header-block-title {color: #87ba44!important;}<\/style>[vc_column_text css_animation=&#8221;none&#8221; el_class=&#8221;text-size-medium&#8221;]<\/p>\n<p style=\"text-align: justify;\">Uklonite korov bez kemikalija, sigurno za obitelj i ku\u0107ne ljubimce! Hammersmith Bionic Burner je elektri\u010dni plamenik za uklanjanje korova. Hammersmith Bionic Burner je ekolo\u0161ki prihvatljivo, sigurno i trajno rje\u0161enje za sve probleme s korovom! Uz Hammersmith Bionic Burner, elektri\u010dni plamenik za uni\u0161tavanje korova, sve \u0161to trebate je snaga vru\u0107eg zraka!<\/p>\n<p style=\"text-align: justify;\"><span style=\"color: #87ba44;\">\u00a0<\/span><\/p>\n<p>[\/vc_column_text][\/vc_column][vc_column width=&#8221;1\/2&#8243; css=&#8221;.vc_custom_1518101586745{padding-top: 80px !important;}&#8221;][vc_single_image image=&#8221;816&#8243; img_size=&#8221;full&#8221; alignment=&#8221;center&#8221; css_animation=&#8221;none&#8221;][\/vc_column][\/vc_row][vc_row full_width=&#8221;stretch_row_content&#8221; css=&#8221;.vc_custom_1686951135262{padding-top: 50px !important;padding-bottom: 50px !important;background-color: rgba(135,186,68,0.06) !important;*background-color: rgb(135,186,68) !important;}&#8221;][vc_column width=&#8221;1\/5&#8243;]<div class=\"mgt-icon-box wpb_content_element mgt-icon-box-centered mgt-icon-box-icon-size-large mgt-icon-box-68621099 mgt-icon-font text-black \"><div class=\"mgt-icon-box-icon\"><i class=\"mgt-font-icon fas fa-wind\"><\/i><\/div><div class=\"mgt-icon-box-content\"><h5 class=\"text-font-weight-normal\">Mlaz vru\u0107eg zraka od 650\u00b0C<\/h5><div class=\"mgt-icon-box-text\">Uop\u0107e nema plamena, zagrijava korov duboko u korijenu, uni\u0161tava ga kako bi sprije\u010dio povratak i to sve snagom vru\u0107eg zraka.<\/div><\/div><div class=\"clearfix\"><\/div><\/div><style scoped='scoped'>.mgt-icon-box-68621099.mgt-icon-box .mgt-icon-box-icon {color: #87ba44!important;}<\/style>[\/vc_column][vc_column width=&#8221;1\/5&#8243;]<div class=\"mgt-icon-box wpb_content_element mgt-icon-box-centered mgt-icon-box-icon-size-large mgt-icon-box-67661878 mgt-icon-font text-black \"><div class=\"mgt-icon-box-icon\"><i class=\"mgt-font-icon vc_li vc_li-lab\"><\/i><\/div><div class=\"mgt-icon-box-content\"><h5 class=\"text-font-weight-normal\">Plin ni kemikalije nisu potrebni<\/h5><div class=\"mgt-icon-box-text\">Bionic Burner eliminira korov snagom vru\u0107eg zraka za odr\u017eavanje vrta prilago\u0111enog ku\u0107nim ljubimcima i obitelji.<\/div><\/div><div class=\"clearfix\"><\/div><\/div><style scoped='scoped'>.mgt-icon-box-67661878.mgt-icon-box .mgt-icon-box-icon {color: #87ba44!important;}<\/style>[\/vc_column][vc_column width=&#8221;1\/5&#8243;]<div class=\"mgt-icon-box wpb_content_element mgt-icon-box-centered mgt-icon-box-icon-size-large mgt-icon-box-8896236 mgt-icon-font text-black \"><div class=\"mgt-icon-box-icon\"><i class=\"mgt-font-icon fab fa-pagelines\"><\/i><\/div><div class=\"mgt-icon-box-content\"><h5 class=\"text-font-weight-normal\">Brzo uni\u0161tava korov<\/h5><div class=\"mgt-icon-box-text\">Unutar 24 sata korov uvene i mo\u017ee se pomesti.<\/div><\/div><div class=\"clearfix\"><\/div><\/div><style scoped='scoped'>.mgt-icon-box-8896236.mgt-icon-box .mgt-icon-box-icon {color: #87ba44!important;}<\/style>[\/vc_column][vc_column width=&#8221;1\/5&#8243;]<div class=\"mgt-icon-box wpb_content_element mgt-icon-box-centered mgt-icon-box-icon-size-large mgt-icon-box-77189544 mgt-icon-font text-black \"><div class=\"mgt-icon-box-icon\"><i class=\"mgt-font-icon fas fa-history\"><\/i><\/div><div class=\"mgt-icon-box-content\"><h5 class=\"text-font-weight-normal\">Zagrijava se za manje od 1 minute<\/h5><div class=\"mgt-icon-box-text\">Spremni ste eliminirati korov u svom vrtu u samo nekoliko sekundi.<\/div><\/div><div class=\"clearfix\"><\/div><\/div><style scoped='scoped'>.mgt-icon-box-77189544.mgt-icon-box .mgt-icon-box-icon {color: #87ba44!important;}<\/style>[\/vc_column][vc_column width=&#8221;1\/5&#8243;]<div class=\"mgt-icon-box wpb_content_element mgt-icon-box-centered mgt-icon-box-icon-size-large mgt-icon-box-20023124 mgt-icon-font text-black \"><div class=\"mgt-icon-box-icon\"><i class=\"mgt-font-icon far fa-thumbs-up\"><\/i><\/div><div class=\"mgt-icon-box-content\"><h5 class=\"text-font-weight-normal\">Udobno i udobno rukovanje<\/h5><div class=\"mgt-icon-box-text\">Jednostavno rukovanje zahvaljuju\u0107i jedinstvenim kota\u010di\u0107ima za jednostavno manevriranje<\/div><\/div><div class=\"clearfix\"><\/div><\/div><style scoped='scoped'>.mgt-icon-box-20023124.mgt-icon-box .mgt-icon-box-icon {color: #87ba44!important;}<\/style>[\/vc_column][\/vc_row][vc_row full_width=&#8221;stretch_row&#8221; css=&#8221;.vc_custom_1690233745472{padding-top: 50px !important;padding-bottom: 50px !important;}&#8221;][vc_column]<div class=\"mgt-icon-box wpb_content_element mgt-icon-box-right mgt-icon-box-icon-size-original mgt-icon-box-42586070 mgt-icon-box-42586070 mgt-icon-image text-black \"><div class=\"mgt-icon-box-icon\"><img decoding=\"async\" src=\"https:\/\/celmar-media.com\/hammersmith\/wp-content\/uploads\/2023\/06\/img_product_1.png\" alt=\"Bionic Burner jednostavan je na\u010din da se bez napora trajno rije\u0161ite korova. Bez neugodnih kemikalija!\" \/><\/div><div class=\"mgt-icon-box-content\"><h5 class=\"text-font-weight-normal\">Bionic Burner jednostavan je na\u010din da se bez napora trajno rije\u0161ite korova. Bez neugodnih kemikalija!<\/h5><div class=\"mgt-icon-box-text\">\n<p style=\"text-align: justify\">Tajna Hammersmith Bionic Burnera je mlaz vru\u0107eg zraka od 650\u00b0C koji iznenada zagrijava ne\u017eeljene biljke sve do korijena, uni\u0161tavaju\u0107i tako stani\u010dnu strukturu korova. \u010cak i ako li\u0161\u0107e zasad ostane zeleno na povr\u0161ini, korov \u0107e uvenuti u roku od nekoliko sati &#8211; i tada se mo\u017ee jednostavno pomesti.<\/p>\n<p style=\"text-align: justify\">Zahvaljuju\u0107i inovativnoj konusnoj mlaznici, Hammersmith Bionic Burner, elektri\u010dni plamenik za korov, usmjerava mlaz vru\u0107eg zraka od 650\u00b0C to\u010dno na najosjetljiviji dio biljke i uni\u0161tava ga. Bionic Burner savr\u0161en je za jednostavno, selektivno i dugoro\u010dno uklanjanje korova. Jedinstveni kota\u010di\u0107i za prakti\u010dno manevriranje poma\u017eu vam u jednostavnom rukovanju tijekom rada. Kota\u010di\u0107i uvijek dr\u017ee Bionic Burner na idealnoj udaljenosti od tla &#8211; tako da mo\u017eete lako obraditi ve\u0107a podru\u010dja bez bolova u le\u0111ima i bez da vam ruke postanu te\u0161ke. Sklopivo postolje poma\u017ee u sigurnom hla\u0111enju ure\u0111aja.<\/p>\n<\/div><\/div><div class=\"clearfix\"><\/div><\/div><style scoped='scoped'>.mgt-icon-box-42586070.mgt-icon-box h5 {font-size: 36px!important;}.mgt-icon-box-42586070.mgt-icon-box h5,.mgt-icon-box-42586070.mgt-icon-box h5 a {color: #87ba44!important;}<\/style>[vc_separator el_width=&#8221;80&#8243;]<div class=\"mgt-icon-box wpb_content_element mgt-icon-box-right mgt-icon-box-icon-size-original mgt-icon-box-41433766 mgt-icon-box-41433766 mgt-icon-image text-black \"><div class=\"mgt-icon-box-icon\"><img decoding=\"async\" src=\"https:\/\/celmar-media.com\/hammersmith\/wp-content\/uploads\/2023\/06\/img_product_3_2.png\" alt=\"Zagrijava se za manje od jedne minute!\" \/><\/div><div class=\"mgt-icon-box-content\"><h5 class=\"text-font-weight-normal\">Zagrijava se za manje od jedne minute!<\/h5><div class=\"mgt-icon-box-text\">\n<p style=\"text-align: justify\">Ure\u0111aj za uklanjanje korova, Hammersmith Bionic Burner, ima iznimno kratko vrijeme zagrijavanja, manje od 1 minute! Hammersmith Bionic Burner opremljen je sa sna\u017enih 2.000 W \u2013 uni\u0161tava svaki korov. Mo\u017eete ukloniti korov u potpunosti bez plinskog ulo\u0161ka i bez kemikalija, \u010dime \u0161titite sebe, svoje ljubimce i svoju okolinu.<\/p>\n<\/div><\/div><div class=\"clearfix\"><\/div><\/div><style scoped='scoped'>.mgt-icon-box-41433766.mgt-icon-box h5 {font-size: 36px!important;}.mgt-icon-box-41433766.mgt-icon-box h5,.mgt-icon-box-41433766.mgt-icon-box h5 a {color: #87ba44!important;}<\/style>[vc_separator el_width=&#8221;80&#8243;]<div class=\"mgt-icon-box wpb_content_element mgt-icon-box-right mgt-icon-box-icon-size-original mgt-icon-box-43653278 mgt-icon-box-43653278 mgt-icon-image text-black \"><div class=\"mgt-icon-box-icon\"><img decoding=\"async\" src=\"https:\/\/celmar-media.com\/hammersmith\/wp-content\/uploads\/2023\/06\/img_product_2.png\" alt=\"Iznimno svestran! Koristite ga kao upalja\u010d za ro\u0161tilj i kamin\" \/><\/div><div class=\"mgt-icon-box-content\"><h5 class=\"text-font-weight-normal\">Iznimno svestran! Koristite ga kao upalja\u010d za ro\u0161tilj i kamin<\/h5><div class=\"mgt-icon-box-text\">\n<p style=\"text-align: justify\">Hammersmith Bionic Burner mo\u017eete tako\u0111er koristiti kao upalja\u010d za ro\u0161tilj i kamin, za uklanjanje snijega i opasnog crnog leda sa stepenica i \u0161etnica te za uklanjanje boje i laka. Ovo pretvara va\u0161 Hammersmith Bionic Burner plamenik u prakti\u010dan alat tijekom cijele godine!<\/p>\n<\/div><\/div><div class=\"clearfix\"><\/div><\/div><style scoped='scoped'>.mgt-icon-box-43653278.mgt-icon-box h5 {font-size: 36px!important;}.mgt-icon-box-43653278.mgt-icon-box h5,.mgt-icon-box-43653278.mgt-icon-box h5 a {color: #87ba44!important;}<\/style>[\/vc_column][\/vc_row][vc_row full_width=&#8221;stretch_row&#8221; row_onepage_id=&#8221;#kupisada&#8221; css=&#8221;.vc_custom_1686962707186{padding-top: 30px !important;padding-bottom: 30px !important;background-color: rgba(135,186,68,0.06) !important;*background-color: rgb(135,186,68) !important;}&#8221;][vc_column][vc_custom_heading text=&#8221;Hammersmith Bionic Burner&#8221; font_container=&#8221;tag:h2|font_size:36px|text_align:center|color:%2387ba44&#8243; use_theme_fonts=&#8221;yes&#8221;][vc_column_text]<\/p>\n<p style=\"text-align: center;\">49,90 \u20ac \/<strong> 375,97 kn<\/strong><\/p>\n<p>[\/vc_column_text][vc_single_image image=&#8221;821&#8243; img_size=&#8221;600&#215;600&#8243; alignment=&#8221;center&#8221; onclick=&#8221;custom_link&#8221;][vc_btn title=&#8221;KUPI SADA&#8221; style=&#8221;custom&#8221; custom_background=&#8221;#87ba44&#8243; custom_text=&#8221;#ffffff&#8221; size=&#8221;lg&#8221; align=&#8221;center&#8221; link=&#8221;url:https%3A%2F%2Fcelmar-media.com%2Fhammersmith%2Fproizvod%2Fhammersmith-bionic-burner%2F|title:Hammersmith%20Bionic%20Burner&#8221;][\/vc_column][\/vc_row][vc_row full_width=&#8221;stretch_row&#8221; css_animation=&#8221;none&#8221; row_onepage_id=&#8221;#tehnickipodaci&#8221; css=&#8221;.vc_custom_1686962929542{padding-top: 30px !important;padding-bottom: 30px !important;background-color: #87ba44 !important;}&#8221;][vc_column width=&#8221;1\/2&#8243;][vc_custom_heading text=&#8221;Uklju\u010duje:&#8221; font_container=&#8221;tag:h2|text_align:left|color:%23ffffff&#8221; use_theme_fonts=&#8221;yes&#8221; css_animation=&#8221;none&#8221;][vc_column_text css_animation=&#8221;none&#8221;]<\/p>\n<ul>\n<li><span style=\"color: #ffffff;\">Velika konusna mlaznica: idealna za jednostavno, selektivno i dugoro\u010dno uni\u0161tavanje velikih korova.<\/span><\/li>\n<li><span style=\"color: #ffffff;\">Okretna mlaznica za fuge i pukotine: savr\u0161ena je za paljenje korova u uskim fugama i pukotinama kako bi uklonili korov na te\u0161ko dostupnim mjestima kao \u0161to su kutovi, podno\u017eje zidova ili izme\u0111u cigli, plo\u010dica i kamenja.<\/span><\/li>\n<li><span style=\"color: #ffffff;\">Pametni kota\u010di\u0107i za manevriranje: olak\u0161avaju manevriranje i kretanje po va\u0161em vrtu dok radite tako da mo\u017eete lako obraditi ve\u0107e povr\u0161ine bez umora.<\/span><\/li>\n<li><span style=\"color: #ffffff;\">Ekstra dugi kabel od 2 m: poma\u017ee vam u uni\u0161tavanju korova u cijelom vrtu.<\/span><\/li>\n<\/ul>\n<p>[\/vc_column_text][\/vc_column][vc_column width=&#8221;1\/2&#8243;][vc_custom_heading text=&#8221;Tehni\u010dki podaci:&#8221; font_container=&#8221;tag:h2|text_align:left|color:%23ffffff&#8221; use_theme_fonts=&#8221;yes&#8221;][vc_column_text]<\/p>\n<ul>\n<li><span style=\"color: #ffffff;\">Napon: 220 \u2013 240 V<\/span><\/li>\n<li><span style=\"color: #ffffff;\">Velocidad de Snaga: 2.000 W<\/span><\/li>\n<li><span style=\"color: #ffffff;\">Te\u017eina ure\u0111aja: 1,2 kg<\/span><\/li>\n<li><span style=\"color: #ffffff;\">Dimenzije kutije: 52 x 22,5 x 8 cm<\/span><\/li>\n<li><span style=\"color: #ffffff;\">Dimenzije sastavljenog ure\u0111aja: 102 x 13 x 13 cm<\/span><\/li>\n<li><span style=\"color: #ffffff;\">Konusna mlaznica: 8 x 7,3 x 8 cm<\/span><\/li>\n<li><span style=\"color: #ffffff;\">Mlaznica za pukotine: 8 x 6,8 x 3,5 cm<\/span><\/li>\n<li><span style=\"color: #ffffff;\">Duljina kabela: 2 m<\/span><\/li>\n<\/ul>\n<p><span style=\"color: #ffffff;\">Proizvedeno u Kini.\u00a0<\/span>[\/vc_column_text][\/vc_column][\/vc_row][vc_row full_width=&#8221;stretch_row&#8221; css=&#8221;.vc_custom_1687962007484{padding-top: 140px !important;background-position: center !important;background-repeat: no-repeat !important;background-size: cover !important;}&#8221; el_id=&#8221;testimonials&#8221;][vc_column css_animation=&#8221;none&#8221;]<div class=\"mgt-header-block clearfix text-center text-black wpb_content_element  mgt-header-block-style-2 mgt-header-block-fontsize-medium mgt-header-texttransform-subheader mgt-header-block-87551055  vc_custom_1687962020880\"><p class=\"mgt-header-block-subtitle\">Recenzije<\/p><h2 class=\"mgt-header-block-title text-font-weight-default\">\u0160to su na\u0161i klijenti rekli o nama<\/h2><\/div>[\/vc_column][\/vc_row][vc_row full_width=&#8221;stretch_row&#8221; css=&#8221;.vc_custom_1686952841643{padding-top: 60px !important;padding-bottom: 150px !important;background-position: center !important;background-repeat: no-repeat !important;background-size: cover !important;}&#8221;][vc_column css_animation=&#8221;none&#8221;][vc_raw_html]JTVCdGVzdGltb25pYWxfc3RhcnMlMjBpZCUzRDElNUQ=[\/vc_raw_html][\/vc_column][\/vc_row]<\/p>\n<\/section>","protected":false},"excerpt":{"rendered":"<p>[vc_row css=&#8221;.vc_custom_1686957499485{margin-bottom: 0px !important;padding-bottom: 0px !important;}&#8221;] [vc_column] [rev_slider_vc alias=&#8221;enside-4&#8243;] [\/vc_column] [\/vc_row] [vc_row disable_element=&#8221;yes&#8221; row_onepage_id=&#8221;#about&#8221; css=&#8221;.vc_custom_1684857306755{padding-top: 140px !important;padding-bottom: 20px !important;}&#8221;] [vc_column width=&#8221;1\/2&#8243; offset=&#8221;vc_col-lg-3 vc_col-md-3&#8243;] [vc_separator color=&#8221;custom&#8221; el_width=&#8221;50&#8243; accent_color=&#8221;#e5e5e5&#8243;] [\/vc_column] [vc_column width=&#8221;1\/2&#8243;&#8230;<\/p>\n","protected":false},"author":1,"featured_media":0,"parent":0,"menu_order":0,"comment_status":"closed","ping_status":"closed","template":"","meta":{"footnotes":""},"class_list":["post-22","page","type-page","status-publish","hentry"],"_links":{"self":[{"href":"https:\/\/celmar-media.com\/hammersmith\/wp-json\/wp\/v2\/pages\/22","targetHints":{"allow":["GET"]}}],"collection":[{"href":"https:\/\/celmar-media.com\/hammersmith\/wp-json\/wp\/v2\/pages"}],"about":[{"href":"https:\/\/celmar-media.com\/hammersmith\/wp-json\/wp\/v2\/types\/page"}],"author":[{"embeddable":true,"href":"https:\/\/celmar-media.com\/hammersmith\/wp-json\/wp\/v2\/users\/1"}],"replies":[{"embeddable":true,"href":"https:\/\/celmar-media.com\/hammersmith\/wp-json\/wp\/v2\/comments?post=22"}],"version-history":[{"count":120,"href":"https:\/\/celmar-media.com\/hammersmith\/wp-json\/wp\/v2\/pages\/22\/revisions"}],"predecessor-version":[{"id":1315,"href":"https:\/\/celmar-media.com\/hammersmith\/wp-json\/wp\/v2\/pages\/22\/revisions\/1315"}],"wp:attachment":[{"href":"https:\/\/celmar-media.com\/hammersmith\/wp-json\/wp\/v2\/media?parent=22"}],"curies":[{"name":"wp","href":"https:\/\/api.w.org\/{rel}","templated":true}]}}