{"id":1206,"date":"2023-05-23T18:03:58","date_gmt":"2023-05-23T18:03:58","guid":{"rendered":"https:\/\/tipoink.com\/hammersmith\/product\/hammersmith-bionic-burner\/"},"modified":"2025-05-05T11:32:41","modified_gmt":"2025-05-05T11:32:41","slug":"hammersmith-bionic-burner","status":"publish","type":"product","link":"https:\/\/celmar-media.com\/hammersmith\/proizvod\/hammersmith-bionic-burner\/","title":{"rendered":"Hammersmith Bionic Burner"},"content":{"rendered":"","protected":false},"excerpt":{"rendered":"<p>Hammersmith Bionic Burner je idealan za sve vanjske prostore va\u0161eg doma, prilaz, du\u017e linije ograde, niz stranu va\u0161e ku\u0107e, \u0161ljun\u010dana podru\u010dja i terase. Hammersmith Bionic Burner ne treba gorivo. Sve \u0161to trebate u\u010diniti je priklju\u010diti Bionic Burner u struju i uvijek ste spremni. Uklonjiva ru\u010dka olak\u0161ava kori\u0161tenje na zahtjevnim poslovima. Siguran je za upotrebu, ima integriranu vodilicu za kabel i stezaljku kako vam kabel ne bi smetao dok radite. Bionic Burner ima sklopivo postolje za jednostavno hla\u0111enje kada zavr\u0161ite.<\/p>\n<p><strong>Uklju\u010deno: <\/strong><\/p>\n<ul>\n<li>1x Hammersmith Bionic Burner, elektri\u010dni plamenik za korov<\/li>\n<li>1x odvojivi kota\u010di\u0107i za manevriranje<\/li>\n<li>1x konusna mlaznica<\/li>\n<li>1x mlaznica za fuge<\/li>\n<\/ul>\n","protected":false},"featured_media":1178,"template":"","meta":[],"product_cat":[57],"product_tag":[],"class_list":["post-1206","product","type-product","status-publish","has-post-thumbnail","hentry","product_cat-proizvodi-2"],"_links":{"self":[{"href":"https:\/\/celmar-media.com\/hammersmith\/wp-json\/wp\/v2\/product\/1206","targetHints":{"allow":["GET"]}}],"collection":[{"href":"https:\/\/celmar-media.com\/hammersmith\/wp-json\/wp\/v2\/product"}],"about":[{"href":"https:\/\/celmar-media.com\/hammersmith\/wp-json\/wp\/v2\/types\/product"}],"wp:featuredmedia":[{"embeddable":true,"href":"https:\/\/celmar-media.com\/hammersmith\/wp-json\/wp\/v2\/media\/1178"}],"wp:attachment":[{"href":"https:\/\/celmar-media.com\/hammersmith\/wp-json\/wp\/v2\/media?parent=1206"}],"wp:term":[{"taxonomy":"product_cat","embeddable":true,"href":"https:\/\/celmar-media.com\/hammersmith\/wp-json\/wp\/v2\/product_cat?post=1206"},{"taxonomy":"product_tag","embeddable":true,"href":"https:\/\/celmar-media.com\/hammersmith\/wp-json\/wp\/v2\/product_tag?post=1206"}],"curies":[{"name":"wp","href":"https:\/\/api.w.org\/{rel}","templated":true}]}}